{"id":611,"date":"2018-03-08T15:36:15","date_gmt":"2018-03-08T14:36:15","guid":{"rendered":"http:\/\/pommetal.pl\/?page_id=611"},"modified":"2020-09-10T09:32:36","modified_gmt":"2020-09-10T07:32:36","slug":"oferta-2","status":"publish","type":"page","link":"https:\/\/pommetal.pl\/index.php\/oferta-2\/","title":{"rendered":"Oferta"},"content":{"rendered":"[et_pb_section fb_built=&#8221;1&#8243; admin_label=&#8221;section&#8221; _builder_version=&#8221;3.22&#8243; custom_padding=&#8221;0px|0px|0px|0px&#8221;][et_pb_row column_structure=&#8221;1_4,3_4&#8243; use_custom_gutter=&#8221;on&#8221; gutter_width=&#8221;2&#8243; admin_label=&#8221;row&#8221; _builder_version=&#8221;3.25&#8243; background_size=&#8221;initial&#8221; background_position=&#8221;top_left&#8221; background_repeat=&#8221;repeat&#8221; custom_padding=&#8221;58px|0px|0px|0px&#8221;][et_pb_column type=&#8221;1_4&#8243; _builder_version=&#8221;3.25&#8243; custom_padding=&#8221;|||&#8221; custom_padding__hover=&#8221;|||&#8221;][et_pb_text _builder_version=&#8221;4.6.1&#8243; text_font=&#8221;||||||||&#8221; text_orientation=&#8221;right&#8221; custom_margin=&#8221;||0px|&#8221; custom_padding=&#8221;||0px|&#8221;]\n<p>KONSTRUKCJE STALOWE<\/p>\n[\/et_pb_text][et_pb_text _builder_version=&#8221;4.6.1&#8243; text_font=&#8221;||||||||&#8221; text_font_size=&#8221;34px&#8221; text_line_height=&#8221;1em&#8221; text_orientation=&#8221;right&#8221; custom_margin=&#8221;|0px||&#8221; custom_padding=&#8221;|0px||15px&#8221;]\n<p>ZAPLECZE MASZYN I URZ\u0104DZE\u0143<\/p>\n[\/et_pb_text][\/et_pb_column][et_pb_column type=&#8221;3_4&#8243; _builder_version=&#8221;3.25&#8243; custom_padding=&#8221;|||&#8221; custom_padding__hover=&#8221;|||&#8221;][et_pb_text _builder_version=&#8221;4.6.1&#8243; text_font_size=&#8221;16px&#8221; custom_padding=&#8221;|||30px&#8221; border_width_left=&#8221;3px&#8221; border_color_left=&#8221;#e02b20&#8243;]\n<p><span>Firma Pom-Metal daje do dyspozycji pracownikom bardzo dobrze wyposa\u017cony park maszyn oraz 4000m2 powierzchni produkcyjnej, a nasz wykwalifikowany, do\u015bwiadczony personel oraz bogate zaplecze techniczne pozwala nam na osi\u0105gni\u0119cie mo\u017cliwo\u015bci produkcyjnych na poziomie oko\u0142o 2000t przerobu rocznie.\u00a0<\/span><\/p>\n<p>Wykonywane przez nas konstrukcje zostaj\u0105 zabezpieczone antykorozyjnie zgodnie z wytycznymi klienta.<\/p>\n<p>W naszej ofercie znajduje si\u0119 zabezpieczenie poprzez malowanie odpowiednim systemem malarskim w zak\u0142adzie, opcjonalnie zlecanie ocynku ogniowego lub galwanicznego do wsp\u00f3\u0142pracuj\u0105cych z nami cynkowni.<\/p>\n[\/et_pb_text][et_pb_text _builder_version=&#8221;4.6.1&#8243; custom_padding=&#8221;50px|||&#8221; custom_padding_tablet=&#8221;20px|||&#8221; custom_padding_phone=&#8221;20px|||&#8221; custom_padding_last_edited=&#8221;on|tablet&#8221;]\n<p><span style=\"font-size: large;\"><span style=\"font-size: x-large;\">WYPOSA\u017bENIE ZAK\u0141ADU PRODUKCYJNEGO:<\/span><\/span><\/p>\n[\/et_pb_text][\/et_pb_column][\/et_pb_row][et_pb_row column_structure=&#8221;1_4,3_4&#8243; use_custom_gutter=&#8221;on&#8221; gutter_width=&#8221;2&#8243; custom_padding_last_edited=&#8221;on|tablet&#8221; admin_label=&#8221;row&#8221; _builder_version=&#8221;3.25&#8243; background_size=&#8221;initial&#8221; background_position=&#8221;top_left&#8221; background_repeat=&#8221;repeat&#8221; custom_padding=&#8221;40px|0px|0px|0px||&#8221; custom_padding_tablet=&#8221;0px|||&#8221; custom_padding_phone=&#8221;0px|0px|0px|0px&#8221;][et_pb_column type=&#8221;1_4&#8243; _builder_version=&#8221;3.25&#8243; custom_padding=&#8221;|||&#8221; custom_padding__hover=&#8221;|||&#8221;][et_pb_blurb use_icon=&#8221;on&#8221; font_icon=&#8221;%%137%%&#8221; icon_color=&#8221;#ffffff&#8221; use_circle=&#8221;on&#8221; module_class=&#8221;nomobile&#8221; _builder_version=&#8221;4.6.1&#8243; custom_margin=&#8221;0px||0px|&#8221; custom_padding=&#8221;10px||0px|66%&#8221; animation=&#8221;off&#8221;][\/et_pb_blurb][\/et_pb_column][et_pb_column type=&#8221;3_4&#8243; _builder_version=&#8221;3.25&#8243; custom_padding=&#8221;|||&#8221; custom_padding__hover=&#8221;|||&#8221;][et_pb_text _builder_version=&#8221;4.6.1&#8243; text_line_height=&#8221;1.8em&#8221; ul_line_height=&#8221;1.4em&#8221; custom_margin=&#8221;0px|||&#8221; custom_padding=&#8221;||8px|30px||&#8221; custom_padding_tablet=&#8221;||0px|0px&#8221; custom_padding_phone=&#8221;0px||0px|0px&#8221; custom_padding_last_edited=&#8221;on|tablet&#8221; border_color_left=&#8221;#00A0E3&#8243;]\n<ul>\n<li><span style=\"font-size: large;\"><strong>6 suwnic o ud\u017awigu do 10t,<\/strong><\/span><span style=\"font-size: large;\"><strong><\/strong><\/span><\/li>\n<li><span style=\"font-size: large;\"><strong>\u015brutownica wirnikowa, <\/strong><\/span><\/li>\n<li><span style=\"font-size: large;\"><strong>2 wypalarki plazmowe CNC, <\/strong><\/span><\/li>\n<li><span style=\"font-size: large;\"><strong>2 w pe\u0142ni zautomatyzowane roboty spawalnicze, <\/strong><\/span><\/li>\n<li><span style=\"font-size: large;\"><strong>gilotyna do blach, <\/strong><\/span><\/li>\n<li><span style=\"font-size: large;\"><strong>prasa kraw\u0119dziowa, <\/strong><\/span><\/li>\n<li><span style=\"font-size: large;\"><strong>spawarki MIG-MAG <\/strong><\/span><\/li>\n<li><span style=\"font-size: large;\"><strong>inne urz\u0105dzenia niezb\u0119dne do produkcji konstrukcji stalowych.<\/strong><\/span><\/li>\n<\/ul>\n<p>&nbsp;<\/p>\n[\/et_pb_text][et_pb_text _builder_version=&#8221;4.6.1&#8243; custom_padding=&#8221;8px|||||&#8221; custom_padding_tablet=&#8221;20px|||&#8221; custom_padding_phone=&#8221;20px|||&#8221; custom_padding_last_edited=&#8221;on|tablet&#8221;]\n<p><span style=\"font-size: large;\"><span style=\"font-size: x-large;\">GWARANCJA JAKO\u015aCI:<\/span><\/span><\/p>\n[\/et_pb_text][\/et_pb_column][\/et_pb_row][et_pb_row column_structure=&#8221;1_4,3_4&#8243; use_custom_gutter=&#8221;on&#8221; gutter_width=&#8221;2&#8243; custom_padding_last_edited=&#8221;on|tablet&#8221; admin_label=&#8221;row&#8221; _builder_version=&#8221;3.25&#8243; background_size=&#8221;initial&#8221; background_position=&#8221;top_left&#8221; background_repeat=&#8221;repeat&#8221; custom_padding=&#8221;40px|0px|0px|0px||&#8221; custom_padding_tablet=&#8221;0px|||&#8221; custom_padding_phone=&#8221;0px|0px|0px|0px&#8221;][et_pb_column type=&#8221;1_4&#8243; _builder_version=&#8221;3.25&#8243; custom_padding=&#8221;|||&#8221; custom_padding__hover=&#8221;|||&#8221;][et_pb_blurb use_icon=&#8221;on&#8221; font_icon=&#8221;%%151%%&#8221; icon_color=&#8221;#ffffff&#8221; use_circle=&#8221;on&#8221; module_class=&#8221;nomobile&#8221; _builder_version=&#8221;4.6.1&#8243; custom_margin=&#8221;0px||0px|&#8221; custom_padding=&#8221;10px||0px|66%&#8221; animation=&#8221;off&#8221;][\/et_pb_blurb][\/et_pb_column][et_pb_column type=&#8221;3_4&#8243; _builder_version=&#8221;3.25&#8243; custom_padding=&#8221;|||&#8221; custom_padding__hover=&#8221;|||&#8221;][et_pb_text _builder_version=&#8221;4.6.1&#8243; text_line_height=&#8221;1.8em&#8221; ul_line_height=&#8221;1.4em&#8221; custom_margin=&#8221;0px|||&#8221; custom_padding=&#8221;||80px|30px&#8221; custom_padding_tablet=&#8221;||0px|0px&#8221; custom_padding_phone=&#8221;0px||50px|0px|false|false&#8221; custom_padding_last_edited=&#8221;on|phone&#8221; border_color_left=&#8221;#00A0E3&#8243;]\n<p><span style=\"font-size: large;\"><strong>Jako\u015b\u0107 wykonanych przez nas prac gwarantuj\u0105 rekomendacje wsp\u00f3\u0142pracuj\u0105cych z nami<br \/> firm oraz certyfikaty zak\u0142adowe. Firma \u201cPOM-Metal\u201d posiada Certyfikat Zgodno\u015bci Zak\u0142adowej<br \/> Kontroli Produkcji w zakresie: spawane stalowe no\u015bne elementy konstrukcyjne w klasie<br \/> wykonania do EXC3 wg EN 1090-1,2 oraz certyfikat potwierdzaj\u0105cy spe\u0142nienie wymaga\u0144 jako\u015bci<br \/> dotycz\u0105cych spawania wg PN-EN ISO 3834-2.6.<\/strong><\/span><\/p>\n[\/et_pb_text][\/et_pb_column][\/et_pb_row][\/et_pb_section]\n","protected":false},"excerpt":{"rendered":"<p>KONSTRUKCJE STALOWEZAPLECZE MASZYN I URZ\u0104DZE\u0143Firma Pom-Metal daje do dyspozycji pracownikom bardzo dobrze wyposa\u017cony park maszyn oraz 4000m2 powierzchni produkcyjnej, a nasz wykwalifikowany, do\u015bwiadczony personel oraz bogate zaplecze techniczne pozwala nam na osi\u0105gni\u0119cie mo\u017cliwo\u015bci produkcyjnych na poziomie oko\u0142o 2000t przerobu rocznie.\u00a0 Wykonywane przez nas konstrukcje zostaj\u0105 zabezpieczone antykorozyjnie zgodnie z wytycznymi klienta. W naszej ofercie znajduje [&hellip;]<\/p>\n","protected":false},"author":1,"featured_media":0,"parent":0,"menu_order":0,"comment_status":"closed","ping_status":"closed","template":"","meta":{"_et_pb_use_builder":"on","_et_pb_old_content":"","_et_gb_content_width":"","footnotes":""},"class_list":["post-611","page","type-page","status-publish","hentry"],"_links":{"self":[{"href":"https:\/\/pommetal.pl\/index.php\/wp-json\/wp\/v2\/pages\/611","targetHints":{"allow":["GET"]}}],"collection":[{"href":"https:\/\/pommetal.pl\/index.php\/wp-json\/wp\/v2\/pages"}],"about":[{"href":"https:\/\/pommetal.pl\/index.php\/wp-json\/wp\/v2\/types\/page"}],"author":[{"embeddable":true,"href":"https:\/\/pommetal.pl\/index.php\/wp-json\/wp\/v2\/users\/1"}],"replies":[{"embeddable":true,"href":"https:\/\/pommetal.pl\/index.php\/wp-json\/wp\/v2\/comments?post=611"}],"version-history":[{"count":32,"href":"https:\/\/pommetal.pl\/index.php\/wp-json\/wp\/v2\/pages\/611\/revisions"}],"predecessor-version":[{"id":1086,"href":"https:\/\/pommetal.pl\/index.php\/wp-json\/wp\/v2\/pages\/611\/revisions\/1086"}],"wp:attachment":[{"href":"https:\/\/pommetal.pl\/index.php\/wp-json\/wp\/v2\/media?parent=611"}],"curies":[{"name":"wp","href":"https:\/\/api.w.org\/{rel}","templated":true}]}}