{"id":139,"date":"2017-10-28T15:40:51","date_gmt":"2017-10-28T13:40:51","guid":{"rendered":"http:\/\/pommetal.pl\/?page_id=139"},"modified":"2023-06-02T14:49:01","modified_gmt":"2023-06-02T12:49:01","slug":"kontakt","status":"publish","type":"page","link":"https:\/\/pommetal.pl\/index.php\/kontakt\/","title":{"rendered":"Kontakt"},"content":{"rendered":"[et_pb_section fb_built=&#8221;1&#8243; fullwidth=&#8221;on&#8221; _builder_version=&#8221;4.16&#8243; global_colors_info=&#8221;{}&#8221;][et_pb_fullwidth_map address=&#8221;63-800 Gosty\u0144, Polska&#8221; zoom_level=&#8221;8&#8243; address_lat=&#8221;51.878592350299&#8243; address_lng=&#8221;17.0064213756&#8243; mouse_wheel=&#8221;off&#8221; admin_label=&#8221;Fullwidth Map&#8221; _builder_version=&#8221;4.16&#8243; global_colors_info=&#8221;{}&#8221;][et_pb_map_pin title=&#8221;Headquarters&#8221; pin_address=&#8221;Niestrawskiego 1C, 63-800 Gosty\u0144, Polska&#8221; zoom_level=&#8221;8&#8243; pin_address_lat=&#8221;51.894680549835&#8243; pin_address_lng=&#8221;16.991996123157&#8243; _builder_version=&#8221;4.6.1&#8243; global_colors_info=&#8221;{}&#8221;][\/et_pb_map_pin][\/et_pb_fullwidth_map][\/et_pb_section][et_pb_section fb_built=&#8221;1&#8243; _builder_version=&#8221;4.16&#8243; custom_padding=&#8221;0px|0px|0px|0px&#8221; global_colors_info=&#8221;{}&#8221;][et_pb_row _builder_version=&#8221;4.16&#8243; width=&#8221;96%&#8221; max_width=&#8221;96%&#8221; custom_padding=&#8221;10px|0px|60px|0px||&#8221; use_custom_width=&#8221;on&#8221; width_unit=&#8221;off&#8221; custom_width_percent=&#8221;96%&#8221; global_colors_info=&#8221;{}&#8221;][et_pb_column type=&#8221;4_4&#8243; _builder_version=&#8221;4.16&#8243; custom_padding=&#8221;|||&#8221; global_colors_info=&#8221;{}&#8221; custom_padding__hover=&#8221;|||&#8221;][et_pb_button button_url=&#8221;https:\/\/www.google.com\/maps\/place\/Pom-Metal+Sp.+z+o.o.+Konstrukcje+stalowe\/@51.8954724,16.9932659,15z\/data=!4m5!3m4!1s0x0:0xf37060e1cbcd06a6!8m2!3d51.8954724!4d16.9932659&#8243; button_text=&#8221;uruchom nawigacj\u0119&#8221; button_alignment=&#8221;center&#8221; _builder_version=&#8221;4.16&#8243; custom_button=&#8221;on&#8221; button_text_size=&#8221;16px&#8221; button_text_color=&#8221;#e02b20&#8243; button_font=&#8221;||||||||&#8221; custom_margin=&#8221;0px||0px|&#8221; custom_padding=&#8221;0px||0px|&#8221; global_colors_info=&#8221;{}&#8221; button_text_size__hover_enabled=&#8221;off&#8221; button_one_text_size__hover_enabled=&#8221;off&#8221; button_two_text_size__hover_enabled=&#8221;off&#8221; button_text_color__hover_enabled=&#8221;off&#8221; button_one_text_color__hover_enabled=&#8221;off&#8221; button_two_text_color__hover_enabled=&#8221;off&#8221; button_border_width__hover_enabled=&#8221;off&#8221; button_one_border_width__hover_enabled=&#8221;off&#8221; button_two_border_width__hover_enabled=&#8221;off&#8221; button_border_color__hover_enabled=&#8221;off&#8221; button_one_border_color__hover_enabled=&#8221;off&#8221; button_two_border_color__hover_enabled=&#8221;off&#8221; button_border_radius__hover_enabled=&#8221;off&#8221; button_one_border_radius__hover_enabled=&#8221;off&#8221; button_two_border_radius__hover_enabled=&#8221;off&#8221; button_letter_spacing__hover_enabled=&#8221;off&#8221; button_one_letter_spacing__hover_enabled=&#8221;off&#8221; button_two_letter_spacing__hover_enabled=&#8221;off&#8221; button_bg_color__hover_enabled=&#8221;off&#8221; button_one_bg_color__hover_enabled=&#8221;off&#8221; button_two_bg_color__hover_enabled=&#8221;off&#8221;][\/et_pb_button][\/et_pb_column][\/et_pb_row][\/et_pb_section][et_pb_section fb_built=&#8221;1&#8243; _builder_version=&#8221;4.16&#8243; custom_padding=&#8221;0px|0px|0px|0px&#8221; global_colors_info=&#8221;{}&#8221;][et_pb_row column_structure=&#8221;1_4,1_4,1_2&#8243; _builder_version=&#8221;4.16&#8243; background_size=&#8221;initial&#8221; background_position=&#8221;top_left&#8221; background_repeat=&#8221;repeat&#8221; max_width=&#8221;1400px&#8221; custom_padding=&#8221;0px|0px|0px|0px&#8221; global_colors_info=&#8221;{}&#8221;][et_pb_column type=&#8221;1_4&#8243; _builder_version=&#8221;4.16&#8243; custom_padding=&#8221;|||&#8221; global_colors_info=&#8221;{}&#8221; custom_padding__hover=&#8221;|||&#8221;][et_pb_text _builder_version=&#8221;4.16&#8243; text_text_color=&#8221;#686868&#8243; text_font_size=&#8221;15px&#8221; header_font=&#8221;||||||||&#8221; custom_margin=&#8221;||11px|||&#8221; global_colors_info=&#8221;{}&#8221;]\n<p style=\"text-align: left;\"><span style=\"font-size: xx-large;\">Dane do kontaktu<\/span><\/p>\n[\/et_pb_text][et_pb_text admin_label=&#8221;Text&#8221; _builder_version=&#8221;4.16&#8243; background_size=&#8221;initial&#8221; background_position=&#8221;top_left&#8221; background_repeat=&#8221;repeat&#8221; module_alignment=&#8221;left&#8221; global_colors_info=&#8221;{}&#8221;]\n<p><strong>Adres: <\/strong>POM-METAL SP\u00d3\u0141KA Z O.O.<br \/>UL. H. NIESTRAWSKIEGO 1<br \/>63-800 GOSTY\u0143<\/p>\n<p><strong style=\"font-size: 14px;\">NIP PL<\/strong><span style=\"font-size: 14px;\">: 696-10-00-932<br \/><\/span> <strong>REGON<\/strong>: 410207465<span style=\"font-size: 14px;\">\u00a0<\/span><\/p>\n<p><strong style=\"font-size: 14px;\">Numer rachunku bankowego<\/strong><span style=\"font-size: 14px;\">:<br \/><\/span><span style=\"font-size: 14px;\">BNP Paribas Bank Polska SA<br \/><\/span>72 1750 1136 0000 0000 3397 3888<\/p>\n<p><strong style=\"font-size: 14px;\">KRS:<\/strong><span style=\"font-size: 14px;\"> S\u0105d Rejonowy w Poznaniu<\/span><\/p>\n<p>Nowe Miasto i Wilda w Poznaniu<br \/>IX Wydzia\u0142 Gospodarczy<\/p>\n[\/et_pb_text][\/et_pb_column][et_pb_column type=&#8221;1_4&#8243; _builder_version=&#8221;4.16&#8243; custom_padding=&#8221;|||&#8221; global_colors_info=&#8221;{}&#8221; custom_padding__hover=&#8221;|||&#8221;][et_pb_text _builder_version=&#8221;4.21.0&#8243; custom_margin=&#8221;||0px||false|false&#8221; custom_padding=&#8221;43px||||false|false&#8221; global_colors_info=&#8221;{}&#8221;]\n<p><strong>Godziny otwarcia (biuro): <br \/><\/strong>od pon. do pt. 7:00 &#8211; 15:00<a href=\"tel:+48655720582\" style=\"font-size: 14px;\"><\/a><\/p>\n<p><strong>E-mail:<\/strong>\u00a0<span style=\"color: #0c71c3;\"><a href=\"mailto:biuro@pommetal.pl\">biuro@pommetal.pl<\/a><\/span><\/p>\n<p align=\"justify\">\n[\/et_pb_text][et_pb_text _builder_version=&#8221;4.21.0&#8243; custom_margin=&#8221;||33px|||&#8221; custom_padding=&#8221;20px||||false|false&#8221; global_colors_info=&#8221;{}&#8221;]\n<p align=\"justify\"><span style=\"font-size: medium;\"><span style=\"color: #000000;\">Marian Wawrzynek<br \/><\/span><\/span><span style=\"color: #000000; font-size: small; text-align: left;\">Prezes Zarz\u0105du<br \/><\/span><span style=\"color: #3a3a3a; font-size: small;\">tel: <a href=\"tel:+48509497037\">509 497 037<\/a><br \/><span style=\"color: #303030;\"><a href=\"tel:603774931\" style=\"color: #303030;\"><\/a><\/span><span style=\"color: #333333;\"><\/span><\/span><span style=\"font-size: small;\"><a href=\"mailto:marian.wawrzynek@pommetal.pl\"><span style=\"color: #0c71c3;\">marian.wawrzynek@pommetal.pl<\/span><\/a><\/span><\/p>\n[\/et_pb_text][\/et_pb_column][et_pb_column type=&#8221;1_2&#8243; _builder_version=&#8221;4.16&#8243; custom_padding=&#8221;|||&#8221; global_colors_info=&#8221;{}&#8221; custom_padding__hover=&#8221;|||&#8221;][et_pb_contact_form email=&#8221;biuro@pommetal.pl&#8221; title=&#8221;Formularz kontaktowy&#8221; custom_message=&#8221;Imi\u0119 i nazwisko : %%Name%%||et_pb_line_break_holder||||et_pb_line_break_holder||Email kontaktowy : %%Email%%||et_pb_line_break_holder||||et_pb_line_break_holder||Telefon kontaktowy : %%tel%%||et_pb_line_break_holder||||et_pb_line_break_holder||Tre\u015b\u0107 zapytania : %%Message%%&#8221; success_message=&#8221;Dzi\u0119kujemy, twoja wiadomo\u015b\u0107 zosta\u0142a wys\u0142ana &#8211; odpowiemy na ni\u0105 jak najszybciej.&#8221; admin_label=&#8221;Contact Form&#8221; module_id=&#8221;et_pb_contact_form_0&#8243; _builder_version=&#8221;4.16&#8243; _unique_id=&#8221;b56cbc91-0747-4d09-81fa-5ae0f8362c9d&#8221; title_font=&#8221;||||||||&#8221; title_text_align=&#8221;right&#8221; title_text_color=&#8221;#686868&#8243; title_font_size=&#8221;31px&#8221; custom_button=&#8221;on&#8221; button_text_size=&#8221;16px&#8221; button_text_color=&#8221;#ffffff&#8221; button_bg_color=&#8221;#e02b20&#8243; button_border_width=&#8221;0&#8243; button_font=&#8221;||||||||&#8221; button_icon=&#8221;&#x45;||divi||400&#8243; text_orientation=&#8221;center&#8221; global_colors_info=&#8221;{}&#8221;][et_pb_contact_field field_id=&#8221;Name&#8221; field_title=&#8221;Nazwa firmy \/ Imi\u0119 i Nazwisko&#8221; fullwidth_field=&#8221;on&#8221; _builder_version=&#8221;4.16&#8243; form_field_font=&#8221;||||||||&#8221; use_border_color=&#8221;off&#8221; border_style=&#8221;solid&#8221; global_colors_info=&#8221;{}&#8221; button_text_size__hover_enabled=&#8221;off&#8221; button_one_text_size__hover_enabled=&#8221;off&#8221; button_two_text_size__hover_enabled=&#8221;off&#8221; button_text_color__hover_enabled=&#8221;off&#8221; button_one_text_color__hover_enabled=&#8221;off&#8221; button_two_text_color__hover_enabled=&#8221;off&#8221; button_border_width__hover_enabled=&#8221;off&#8221; button_one_border_width__hover_enabled=&#8221;off&#8221; button_two_border_width__hover_enabled=&#8221;off&#8221; button_border_color__hover_enabled=&#8221;off&#8221; button_one_border_color__hover_enabled=&#8221;off&#8221; button_two_border_color__hover_enabled=&#8221;off&#8221; button_border_radius__hover_enabled=&#8221;off&#8221; button_one_border_radius__hover_enabled=&#8221;off&#8221; button_two_border_radius__hover_enabled=&#8221;off&#8221; button_letter_spacing__hover_enabled=&#8221;off&#8221; button_one_letter_spacing__hover_enabled=&#8221;off&#8221; button_two_letter_spacing__hover_enabled=&#8221;off&#8221; button_bg_color__hover_enabled=&#8221;off&#8221; button_one_bg_color__hover_enabled=&#8221;off&#8221; button_two_bg_color__hover_enabled=&#8221;off&#8221;][\/et_pb_contact_field][et_pb_contact_field field_id=&#8221;Email&#8221; field_title=&#8221;Adres e-mail&#8221; field_type=&#8221;email&#8221; fullwidth_field=&#8221;on&#8221; _builder_version=&#8221;4.16&#8243; form_field_font=&#8221;||||||||&#8221; use_border_color=&#8221;off&#8221; border_style=&#8221;solid&#8221; global_colors_info=&#8221;{}&#8221; button_text_size__hover_enabled=&#8221;off&#8221; button_one_text_size__hover_enabled=&#8221;off&#8221; button_two_text_size__hover_enabled=&#8221;off&#8221; button_text_color__hover_enabled=&#8221;off&#8221; button_one_text_color__hover_enabled=&#8221;off&#8221; button_two_text_color__hover_enabled=&#8221;off&#8221; button_border_width__hover_enabled=&#8221;off&#8221; button_one_border_width__hover_enabled=&#8221;off&#8221; button_two_border_width__hover_enabled=&#8221;off&#8221; button_border_color__hover_enabled=&#8221;off&#8221; button_one_border_color__hover_enabled=&#8221;off&#8221; button_two_border_color__hover_enabled=&#8221;off&#8221; button_border_radius__hover_enabled=&#8221;off&#8221; button_one_border_radius__hover_enabled=&#8221;off&#8221; button_two_border_radius__hover_enabled=&#8221;off&#8221; button_letter_spacing__hover_enabled=&#8221;off&#8221; button_one_letter_spacing__hover_enabled=&#8221;off&#8221; button_two_letter_spacing__hover_enabled=&#8221;off&#8221; button_bg_color__hover_enabled=&#8221;off&#8221; button_one_bg_color__hover_enabled=&#8221;off&#8221; button_two_bg_color__hover_enabled=&#8221;off&#8221;][\/et_pb_contact_field][et_pb_contact_field field_id=&#8221;tel&#8221; field_title=&#8221;Telefon kontaktowy&#8221; fullwidth_field=&#8221;on&#8221; _builder_version=&#8221;4.16&#8243; form_field_font=&#8221;||||||||&#8221; use_border_color=&#8221;off&#8221; border_style=&#8221;solid&#8221; global_colors_info=&#8221;{}&#8221; button_text_size__hover_enabled=&#8221;off&#8221; button_one_text_size__hover_enabled=&#8221;off&#8221; button_two_text_size__hover_enabled=&#8221;off&#8221; button_text_color__hover_enabled=&#8221;off&#8221; button_one_text_color__hover_enabled=&#8221;off&#8221; button_two_text_color__hover_enabled=&#8221;off&#8221; button_border_width__hover_enabled=&#8221;off&#8221; button_one_border_width__hover_enabled=&#8221;off&#8221; button_two_border_width__hover_enabled=&#8221;off&#8221; button_border_color__hover_enabled=&#8221;off&#8221; button_one_border_color__hover_enabled=&#8221;off&#8221; button_two_border_color__hover_enabled=&#8221;off&#8221; button_border_radius__hover_enabled=&#8221;off&#8221; button_one_border_radius__hover_enabled=&#8221;off&#8221; button_two_border_radius__hover_enabled=&#8221;off&#8221; button_letter_spacing__hover_enabled=&#8221;off&#8221; button_one_letter_spacing__hover_enabled=&#8221;off&#8221; button_two_letter_spacing__hover_enabled=&#8221;off&#8221; button_bg_color__hover_enabled=&#8221;off&#8221; button_one_bg_color__hover_enabled=&#8221;off&#8221; button_two_bg_color__hover_enabled=&#8221;off&#8221;][\/et_pb_contact_field][et_pb_contact_field field_id=&#8221;Message&#8221; field_title=&#8221;Wiadomo\u015b\u0107&#8221; field_type=&#8221;text&#8221; fullwidth_field=&#8221;on&#8221; _builder_version=&#8221;4.16&#8243; global_colors_info=&#8221;{}&#8221; button_text_size__hover_enabled=&#8221;off&#8221; button_one_text_size__hover_enabled=&#8221;off&#8221; button_two_text_size__hover_enabled=&#8221;off&#8221; button_text_color__hover_enabled=&#8221;off&#8221; button_one_text_color__hover_enabled=&#8221;off&#8221; button_two_text_color__hover_enabled=&#8221;off&#8221; button_border_width__hover_enabled=&#8221;off&#8221; button_one_border_width__hover_enabled=&#8221;off&#8221; button_two_border_width__hover_enabled=&#8221;off&#8221; button_border_color__hover_enabled=&#8221;off&#8221; button_one_border_color__hover_enabled=&#8221;off&#8221; button_two_border_color__hover_enabled=&#8221;off&#8221; button_border_radius__hover_enabled=&#8221;off&#8221; button_one_border_radius__hover_enabled=&#8221;off&#8221; button_two_border_radius__hover_enabled=&#8221;off&#8221; button_letter_spacing__hover_enabled=&#8221;off&#8221; button_one_letter_spacing__hover_enabled=&#8221;off&#8221; button_two_letter_spacing__hover_enabled=&#8221;off&#8221; button_bg_color__hover_enabled=&#8221;off&#8221; button_one_bg_color__hover_enabled=&#8221;off&#8221; button_two_bg_color__hover_enabled=&#8221;off&#8221;][\/et_pb_contact_field][\/et_pb_contact_form][et_pb_divider show_divider=&#8221;off&#8221; module_class=&#8221;nomobile&#8221; _builder_version=&#8221;4.16&#8243; custom_margin=&#8221;||10px|&#8221; global_colors_info=&#8221;{}&#8221;][\/et_pb_divider][\/et_pb_column][\/et_pb_row][et_pb_row module_class=&#8221; et_pb_row_fullwidth&#8221; _builder_version=&#8221;4.16&#8243; width=&#8221;89%&#8221; width_tablet=&#8221;80%&#8221; width_phone=&#8221;&#8221; width_last_edited=&#8221;on|desktop&#8221; max_width=&#8221;89%&#8221; max_width_tablet=&#8221;80%&#8221; max_width_phone=&#8221;&#8221; max_width_last_edited=&#8221;on|desktop&#8221; custom_padding=&#8221;58px|0px|0px|0px&#8221; make_fullwidth=&#8221;on&#8221; global_colors_info=&#8221;{}&#8221;][et_pb_column type=&#8221;4_4&#8243; _builder_version=&#8221;4.16&#8243; custom_padding=&#8221;|||&#8221; global_colors_info=&#8221;{}&#8221; custom_padding__hover=&#8221;|||&#8221;][et_pb_divider show_divider=&#8221;off&#8221; _builder_version=&#8221;4.16&#8243; global_colors_info=&#8221;{}&#8221;][\/et_pb_divider][\/et_pb_column][\/et_pb_row][\/et_pb_section]\n","protected":false},"excerpt":{"rendered":"<p>Dane do kontaktuAdres: POM-METAL SP\u00d3\u0141KA Z O.O.UL. H. NIESTRAWSKIEGO 163-800 GOSTY\u0143 NIP PL: 696-10-00-932 REGON: 410207465\u00a0 Numer rachunku bankowego:BNP Paribas Bank Polska SA72 1750 1136 0000 0000 3397 3888 KRS: S\u0105d Rejonowy w Poznaniu Nowe Miasto i Wilda w PoznaniuIX Wydzia\u0142 GospodarczyGodziny otwarcia (biuro): od pon. do pt. 7:00 &#8211; 15:00 E-mail:\u00a0biuro@pommetal.pl Marian WawrzynekPrezes Zarz\u0105dutel: [&hellip;]<\/p>\n","protected":false},"author":1,"featured_media":0,"parent":0,"menu_order":0,"comment_status":"closed","ping_status":"closed","template":"","meta":{"_et_pb_use_builder":"on","_et_pb_old_content":"","_et_gb_content_width":"","footnotes":""},"class_list":["post-139","page","type-page","status-publish","hentry"],"_links":{"self":[{"href":"https:\/\/pommetal.pl\/index.php\/wp-json\/wp\/v2\/pages\/139","targetHints":{"allow":["GET"]}}],"collection":[{"href":"https:\/\/pommetal.pl\/index.php\/wp-json\/wp\/v2\/pages"}],"about":[{"href":"https:\/\/pommetal.pl\/index.php\/wp-json\/wp\/v2\/types\/page"}],"author":[{"embeddable":true,"href":"https:\/\/pommetal.pl\/index.php\/wp-json\/wp\/v2\/users\/1"}],"replies":[{"embeddable":true,"href":"https:\/\/pommetal.pl\/index.php\/wp-json\/wp\/v2\/comments?post=139"}],"version-history":[{"count":74,"href":"https:\/\/pommetal.pl\/index.php\/wp-json\/wp\/v2\/pages\/139\/revisions"}],"predecessor-version":[{"id":1340,"href":"https:\/\/pommetal.pl\/index.php\/wp-json\/wp\/v2\/pages\/139\/revisions\/1340"}],"wp:attachment":[{"href":"https:\/\/pommetal.pl\/index.php\/wp-json\/wp\/v2\/media?parent=139"}],"curies":[{"name":"wp","href":"https:\/\/api.w.org\/{rel}","templated":true}]}}